{"id":879,"date":"2019-08-30T14:24:10","date_gmt":"2019-08-30T12:24:10","guid":{"rendered":"https:\/\/www.timesartcenter.org\/times-art-center-berlin\/"},"modified":"2024-07-29T15:33:47","modified_gmt":"2024-07-29T13:33:47","slug":"times-art-center-berlin","status":"publish","type":"page","link":"https:\/\/www.timesartcenter.org\/de\/times-art-center-berlin\/","title":{"rendered":"\u00dcber uns"},"content":{"rendered":"\n<h2>Times Art Center Berlin<\/h2>\n\n\n\n<pre class=\"wp-block-verse\">Das Times Art Center Berlin (TACB) wurde 2018 vom Guangdong Times Museum ins Leben gerufen und ist die erste parallele Institution, die von einem in Asien ans\u00e4ssigen Kunstmuseum im Ausland gegr\u00fcndet wurde. Das TACB arbeitet als unabh\u00e4ngige, gemeinn\u00fctzige Non-Profit-Organisation und erforscht und erprobt neue Modelle asiatischer Institutionen f\u00fcr zeitgen\u00f6ssische Kunst. Seine Arbeit umfasst verschiedene Formen der Kunstproduktion wie Ausstellungen, Auftragsarbeiten, Publikationen, Vortr\u00e4ge, ein \u00f6ffentliches Programm sowie institutionelle Kooperationen.<\/pre>\n\n\n\n<div class=\"wp-block-columns has-2-columns\">\n<div class=\"wp-block-column\">\n<p>Das TACB m\u00f6chte Diversit\u00e4t, Multikulturalit\u00e4t und Vernetzung unterst\u00fctzen und befasst sich insbesondere mit K\u00fcnstler*innen aus Asien und mit Kunstpraktiken, die mit diasporischen und nomadischen asiatischen Kulturen in Verbindung stehen. Mit dem Standort Berlin bietet das TACB eine Plattform f\u00fcr Forschung und Experimente, f\u00fcr globale, zeitgen\u00f6ssische Kunstpraktiken und akademische Dialoge. Das TACB erkundet die \u201eneuen institutionellen Geografien\u201c, die sich \u00fcber Grenzen und Kulturen hinweg einem neuen Verst\u00e4ndnis von zeitgen\u00f6ssischer asiatischer Kunst in einem globalen Kontext widmen. Mit seinem experimentellen Ansatz m\u00f6chte das TACB aktiv zur Berliner Kunstszene beitragen und gleichzeitig auf die internationalen, kulturellen Entwicklungen in einer Welt im Wandel reagieren.<\/p>\n\n\n\n<p>Als Produktions- und Forschungsplattform f\u00f6rdert das TACB die Pr\u00e4sentation chinesischer zeitgen\u00f6ssischer Kunst und diasporischer K\u00fcnstlerpositionen in Einzel- und Gruppenausstellungen, neuen Auftragsarbeiten und weiteren k\u00fcnstlerischen Projekten. Die Institution bietet einen fachlichen Rahmen, um Perspektiven und Wissen \u00fcber zeitgen\u00f6ssische asiatische Kunst in Europa weiterzuentwickeln. Das TACB arbeitet eng mit internationalen Institutionen f\u00fcr zeitgen\u00f6ssische Kunst und mit lokalen Kulturschaffenden zusammen, und tr\u00e4gt so zum intellektuellen Austausch zwischen internationalen Kunstgemeinschaften in Europa bei.<\/p>\n\n\n\n<p><\/p>\n\n\n\n<div class=\"wp-block-bl-slideshow-large-block\"><div class=\"swiper-container \"><div class=\"swiper-wrapper\"><figure class=\"swiper-slide\"><img loading=\"lazy\" class=\"wp-image-1582\" src=\"https:\/\/www.timesartcenter.org\/wp-content\/uploads\/2020\/02\/TACB-Architecture-Facade-small-1109x1200.jpg\" width=\"1109\" height=\"1200\" srcset=\"https:\/\/www.timesartcenter.org\/wp-content\/uploads\/2020\/02\/TACB-Architecture-Facade-small-1109x1200.jpg 1109w, https:\/\/www.timesartcenter.org\/wp-content\/uploads\/2020\/02\/TACB-Architecture-Facade-small-277x300.jpg 277w, https:\/\/www.timesartcenter.org\/wp-content\/uploads\/2020\/02\/TACB-Architecture-Facade-small-1419x1536.jpg 1419w, https:\/\/www.timesartcenter.org\/wp-content\/uploads\/2020\/02\/TACB-Architecture-Facade-small-554x600.jpg 554w, https:\/\/www.timesartcenter.org\/wp-content\/uploads\/2020\/02\/TACB-Architecture-Facade-small.jpg 1848w, https:\/\/www.timesartcenter.org\/wp-content\/uploads\/2020\/02\/TACB-Architecture-Facade-small-554x600@2x.jpg 1108w\" sizes=\"(max-width: 1109px) 100vw, 1109px\" \/><figcaption><p><\/p><\/figcaption><\/figure><figure class=\"swiper-slide\"><img loading=\"lazy\" class=\"wp-image-1588\" src=\"https:\/\/www.timesartcenter.org\/wp-content\/uploads\/2020\/02\/TACB-Architecture-Facade-Night-2-893x1200.jpg\" width=\"893\" height=\"1200\" srcset=\"https:\/\/www.timesartcenter.org\/wp-content\/uploads\/2020\/02\/TACB-Architecture-Facade-Night-2-893x1200.jpg 893w, https:\/\/www.timesartcenter.org\/wp-content\/uploads\/2020\/02\/TACB-Architecture-Facade-Night-2-223x300.jpg 223w, https:\/\/www.timesartcenter.org\/wp-content\/uploads\/2020\/02\/TACB-Architecture-Facade-Night-2-1143x1536.jpg 1143w, https:\/\/www.timesartcenter.org\/wp-content\/uploads\/2020\/02\/TACB-Architecture-Facade-Night-2-446x600.jpg 446w, https:\/\/www.timesartcenter.org\/wp-content\/uploads\/2020\/02\/TACB-Architecture-Facade-Night-2.jpg 1488w, https:\/\/www.timesartcenter.org\/wp-content\/uploads\/2020\/02\/TACB-Architecture-Facade-Night-2-446x600@2x.jpg 892w\" sizes=\"(max-width: 893px) 100vw, 893px\" \/><figcaption><p><\/p><\/figcaption><\/figure><figure class=\"swiper-slide\"><img loading=\"lazy\" class=\"wp-image-673\" src=\"https:\/\/www.timesartcenter.org\/wp-content\/uploads\/2019\/08\/TACB-window_cropped-812x1024.jpg\" width=\"951\" height=\"1200\" srcset=\"https:\/\/www.timesartcenter.org\/wp-content\/uploads\/2019\/08\/TACB-window_cropped-812x1024.jpg 812w, https:\/\/www.timesartcenter.org\/wp-content\/uploads\/2019\/08\/TACB-window_cropped-238x300.jpg 238w, https:\/\/www.timesartcenter.org\/wp-content\/uploads\/2019\/08\/TACB-window_cropped-1217x1536.jpg 1217w, https:\/\/www.timesartcenter.org\/wp-content\/uploads\/2019\/08\/TACB-window_cropped-560x707.jpg 560w, https:\/\/www.timesartcenter.org\/wp-content\/uploads\/2019\/08\/TACB-window_cropped.jpg 1585w, https:\/\/www.timesartcenter.org\/wp-content\/uploads\/2019\/08\/TACB-window_cropped-238x300@2x.jpg 476w, https:\/\/www.timesartcenter.org\/wp-content\/uploads\/2019\/08\/TACB-window_cropped-560x707@2x.jpg 1120w\" sizes=\"(max-width: 951px) 100vw, 951px\" \/><figcaption><p><\/p><\/figcaption><\/figure><\/div><div class=\"swiper-pagination\"><\/div><div class=\"swiper-button-prev\"><\/div><div class=\"swiper-button-next\"><\/div><\/div><\/div>\n\n\n\n<p><\/p>\n<\/div>\n\n\n\n<div class=\"wp-block-column\">\n<h4><strong>Kontakt<\/strong><\/h4>\n\n\n\n<p><\/p>\n\n\n\n<p><a href=\"mailto:mail@timesartcenter.org\">berlin@timesartcenter.org<\/a> <br><\/p>\n\n\n\n<p><\/p>\n\n\n\n<p><\/p>\n<\/div>\n<\/div>\n\n\n\n<hr class=\"wp-block-separator\"\/>\n\n\n\n<div class=\"wp-block-columns has-2-columns-reverse\">\n<div class=\"wp-block-column\">\n<div class=\"wp-block-image\"><figure class=\"alignleft size-full\"><img src=\"https:\/\/www.timesartcenter.org\/wp-content\/uploads\/2022\/02\/logo1-1-e1647449719126.png\" alt=\"\" class=\"wp-image-8411\"\/><\/figure><\/div>\n\n\n\n<a href=\"http:\/\/www.timesmuseum.org\/\" target=\"_blank\" class=\"button-circle\" rel=\"noopener noreferrer\"><span class=\"button-circle--inner\">&gt; zur Webseite<\/span><\/a>\n<\/div>\n\n\n\n<div class=\"wp-block-column\">\n<h3>\u00dcber das Guangdong Times Museum <\/h3>\n\n\n\n<p>Das Guangdong Times Museum wurde im Oktober 2010 offiziell als gemeinn\u00fctzige, \u00f6ffentliche Kunstinstitution gegr\u00fcndet, die von der Privatwirtschaft finanziert wird. Es wurde am 31. Dezember 2010 f\u00fcr die \u00d6ffentlichkeit ge\u00f6ffnet.<br><br>Seine Entstehungsgeschichte spiegelt das einzigartige soziale, wirtschaftliche und kulturelle Klima des Perlflussdeltas im S\u00fcden Chinas wider. Es ist ein besonderer Fall des Urbanisierungsprozesses in S\u00fcdchina. Das Museum stellt einen autonomen Raum mit kultureller und sozialer Bedeutung in einer Stadt dar, in der die Urbanisierung und die Globalisierung sprunghaft vorangetrieben wurden.<br><br>Das Guangdong Times Museum hat sich stets an die institutionelle Positionierung der \u201eakademischen Unabh\u00e4ngigkeit\u201c gehalten und sich als eines der wichtigsten gemeinn\u00fctzigen privaten Kunstmuseen Chinas etabliert.<\/p>\n<\/div>\n<\/div>\n\n\n\n<hr class=\"wp-block-separator\"\/>\n\n\n\n<p><\/p>\n","protected":false},"excerpt":{"rendered":"<p>Das Times Art Center Berlin ist die erste Parallelinstitution, die von einem in Asien ans\u00e4ssigen Kunstmuseum im Ausland gegr\u00fcndet wurde. Als unabh\u00e4ngige und selbstverwaltete Organisation will es neue Modelle f\u00fcr die Entwicklung asiatischer Institutionen f\u00fcr zeitgen\u00f6ssische Kunst in Europa und der Welt erforschen.<\/p>\n","protected":false},"author":1,"featured_media":0,"parent":0,"menu_order":0,"comment_status":"closed","ping_status":"closed","template":"","meta":[],"_links":{"self":[{"href":"https:\/\/www.timesartcenter.org\/de\/wp-json\/wp\/v2\/pages\/879"}],"collection":[{"href":"https:\/\/www.timesartcenter.org\/de\/wp-json\/wp\/v2\/pages"}],"about":[{"href":"https:\/\/www.timesartcenter.org\/de\/wp-json\/wp\/v2\/types\/page"}],"author":[{"embeddable":true,"href":"https:\/\/www.timesartcenter.org\/de\/wp-json\/wp\/v2\/users\/1"}],"replies":[{"embeddable":true,"href":"https:\/\/www.timesartcenter.org\/de\/wp-json\/wp\/v2\/comments?post=879"}],"version-history":[{"count":119,"href":"https:\/\/www.timesartcenter.org\/de\/wp-json\/wp\/v2\/pages\/879\/revisions"}],"predecessor-version":[{"id":9112,"href":"https:\/\/www.timesartcenter.org\/de\/wp-json\/wp\/v2\/pages\/879\/revisions\/9112"}],"wp:attachment":[{"href":"https:\/\/www.timesartcenter.org\/de\/wp-json\/wp\/v2\/media?parent=879"}],"curies":[{"name":"wp","href":"https:\/\/api.w.org\/{rel}","templated":true}]}}